{"id":49,"date":"2023-04-18T14:02:57","date_gmt":"2023-04-18T12:02:57","guid":{"rendered":"https:\/\/guidedubtp06.com\/?page_id=49"},"modified":"2023-04-18T14:04:11","modified_gmt":"2023-04-18T12:04:11","slug":"annuaire","status":"publish","type":"page","link":"https:\/\/guidedubtp06.com\/index.php\/annuaire\/","title":{"rendered":"Annuaire"},"content":{"rendered":"\n<div class=\"job_listings\" data-location=\"\" data-keywords=\"\" data-show_filters=\"true\" data-show_pagination=\"true\" data-per_page=\"25\" data-orderby=\"featured\" data-order=\"DESC\" data-categories=\"\" data-disable-form-state-storage=\"\" data-featured_first=\"false\" data-post_id=\"49\" >\n\t\t<a href=\"#\" data-toggle=\".job_filters\" class=\"js-toggle-area-trigger\">Basculer entre filtres<\/a>\n\n\t\t\n<form class=\"job_filters\">\n\t\n<div class=\"search_jobs\">\n\t\t\t\n\t\t\t\t\t\n<div class=\"search_keywords\">\n\t<label for=\"search_keywords\">Mots-cl&eacute;s<\/label>\n\t<input type=\"text\" name=\"search_keywords\" id=\"search_keywords\" placeholder=\"Que cherchez-vous ?\" value=\"\" \/>\n<\/div>\n\n\t\t\t\t\t\t\n<div class=\"search_location\">\n\t<label for=\"search_location\">Emplacement<\/label>\n\t<input type=\"text\" name=\"search_location\" id=\"search_location\" placeholder=\"Emplacement\" value=\"\" \/>\n<\/div>\n\n\t\t\t\t\t\t\n<div class=\"search_categories\n\t\t\">\n\n\t<label for=\"search_categories\">Cat&eacute;gorie<\/label>\n\t\t<select name='search_categories[]' id='search_categories' class='job-manager-category-dropdown '  data-placeholder='Choisissez une cat&eacute;gorie&hellip;' data-no_results_text='Aucun r\u00e9sultat' data-multiple_text='Choisir une option'>\n<option value=\"\">Toutes les rubriques<\/option>\t<option class=\"level-0\" value=\"172\">Agencement de lieux de vente<\/option>\n\t<option class=\"level-0\" value=\"154\">Autres travaux d&#039;installation<\/option>\n\t<option class=\"level-0\" value=\"174\">Autres travaux sp\u00e9cialis\u00e9s de construction<\/option>\n\t<option class=\"level-0\" value=\"162\">Construction de b\u00e2timents divers<\/option>\n\t<option class=\"level-0\" value=\"169\">Construction de chauss\u00e9es routi\u00e8res et de sols sportifs<\/option>\n\t<option class=\"level-0\" value=\"178\">Construction de lignes \u00e9lectriques et de t\u00e9l\u00e9communication<\/option>\n\t<option class=\"level-0\" value=\"159\">Construction de maisons individuelles<\/option>\n\t<option class=\"level-0\" value=\"153\">Installation d&#039;eau et de gaz<\/option>\n\t<option class=\"level-0\" value=\"160\">Installation d&#039;\u00e9quipements thermiques et de climatisation<\/option>\n\t<option class=\"level-0\" value=\"165\">Levage, montage<\/option>\n\t<option class=\"level-0\" value=\"163\">Location avec op\u00e9rateur de mat\u00e9riel de construction<\/option>\n\t<option class=\"level-0\" value=\"156\">Menuiserie bois et mati\u00e8res plastiques<\/option>\n\t<option class=\"level-0\" value=\"155\">Menuiserie m\u00e9tallique ; serrurerie<\/option>\n\t<option class=\"level-0\" value=\"152\">Peinture<\/option>\n\t<option class=\"level-0\" value=\"167\">Pl\u00e2trerie<\/option>\n\t<option class=\"level-0\" value=\"173\">Promotion immobili\u00e8re de logements<\/option>\n\t<option class=\"level-0\" value=\"176\">R\u00e9alisation de couvertures par \u00e9l\u00e9ments<\/option>\n\t<option class=\"level-0\" value=\"177\">R\u00e9alisation de r\u00e9seaux<\/option>\n\t<option class=\"level-0\" value=\"161\">Rev\u00eatement des sols et des murs<\/option>\n\t<option class=\"level-0\" value=\"164\">Terrassements divers, d\u00e9molition<\/option>\n\t<option class=\"level-0\" value=\"166\">Terrassements en grande masse<\/option>\n\t<option class=\"level-0\" value=\"157\">Travaux d&#039;\u00e9tanch\u00e9ification<\/option>\n\t<option class=\"level-0\" value=\"158\">Travaux d&#039;installation \u00e9lectrique<\/option>\n\t<option class=\"level-0\" value=\"170\">Travaux d&#039;isolation<\/option>\n\t<option class=\"level-0\" value=\"175\">Travaux de charpente<\/option>\n\t<option class=\"level-0\" value=\"151\">Travaux de finition n.c.a.<\/option>\n\t<option class=\"level-0\" value=\"150\">Travaux de ma\u00e7onnerie g\u00e9n\u00e9rale<\/option>\n\t<option class=\"level-0\" value=\"171\">Travaux maritimes et fluviaux<\/option>\n<\/select>\n\n<\/div>\n\n\t\t\t\n\t\t<\/div>\n\n\t\t<p class=\"filter-by-type-label\">Filtrer par type<\/p>\t<ul class=\"job_types\">\n\t\t\t\t\t<li><label for=\"job_type_freelance\" class=\"freelance\"><input type=\"checkbox\" name=\"filter_job_type[]\" value=\"freelance\"  checked='checked' id=\"job_type_freelance\" \/> Freelance<\/label><\/li>\n\t\t\t\t\t<li><label for=\"job_type_full-time\" class=\"full-time\"><input type=\"checkbox\" name=\"filter_job_type[]\" value=\"full-time\"  checked='checked' id=\"job_type_full-time\" \/> Full Time<\/label><\/li>\n\t\t\t\t\t<li><label for=\"job_type_internship\" class=\"internship\"><input type=\"checkbox\" name=\"filter_job_type[]\" value=\"internship\"  checked='checked' id=\"job_type_internship\" \/> Internship<\/label><\/li>\n\t\t\t\t\t<li><label for=\"job_type_part-time\" class=\"part-time\"><input type=\"checkbox\" name=\"filter_job_type[]\" value=\"part-time\"  checked='checked' id=\"job_type_part-time\" \/> Part Time<\/label><\/li>\n\t\t\t\t\t<li><label for=\"job_type_temporary\" class=\"temporary\"><input type=\"checkbox\" name=\"filter_job_type[]\" value=\"temporary\"  checked='checked' id=\"job_type_temporary\" \/> Temporary<\/label><\/li>\n\t\t\t<\/ul>\n\t<input type=\"hidden\" name=\"filter_job_type[]\" value=\"\" \/>\n<button type=\"submit\" data-refresh=\"Chargement...\" data-label=\"Chercher\" name=\"update_results\" class=\"update_results\">Chercher<\/button><div class=\"showing_jobs showing_jobs--has-meta showing_jobs--has-rss showing_jobs--has-reset\"><\/div>\n\t<div class=\"archive-job_listing-filter-title\">\n\t\t<h3 class=\"archive-job_listing-found\">\n\t\t\t<span class=\"results-found\">Loading results...\t\t<\/h3>\n\n\t\t\n<div class=\"search-sort\">\n\t<label for=\"search_sort\" class=\"screen-reader-text\">Sort by:<\/label>\n\n\t<select id=\"search_sort\" class=\"job-manager-filter\" name=\"search_sort\" autocomplete=\"off\">\n\t\t\t\t<option value=\"\"  selected='selected'>Sort by<\/option>\n\t\t\t\t\t<option value=\"date-desc\" >Le plus r&eacute;cent en premier<\/option>\n\t\t\t\t\t<option value=\"date-asc\" >Le plus ancien en premier<\/option>\n\t\t\t\t\t<option value=\"random\" >Random<\/option>\n\t\t\t\t\t<option value=\"rating-desc\" >Highest Rating<\/option>\n\t\t\t\t\t<option value=\"rating-asc\" >Lowest Rating<\/option>\n\t\t\t\t\t<option value=\"stats-visits-desc\" >Most Views<\/option>\n\t\t\t<\/select>\n<\/div>\n\n\t\t\t<\/div>\n<\/form>\n\n<ul class=\"job_listings\">\n<\/ul>\n<\/div>\n","protected":false},"excerpt":{"rendered":"","protected":false},"author":1,"featured_media":0,"parent":0,"menu_order":0,"comment_status":"closed","ping_status":"closed","template":"","meta":{"om_disable_all_campaigns":false,"_monsterinsights_skip_tracking":false,"_monsterinsights_sitenote_active":false,"_monsterinsights_sitenote_note":"","_monsterinsights_sitenote_category":0,"_uf_show_specific_survey":0,"_uf_disable_surveys":false,"footnotes":""},"class_list":["post-49","page","type-page","status-publish","hentry","content-box content-box-wrapper"],"aioseo_notices":[],"_links":{"self":[{"href":"https:\/\/guidedubtp06.com\/index.php\/wp-json\/wp\/v2\/pages\/49","targetHints":{"allow":["GET"]}}],"collection":[{"href":"https:\/\/guidedubtp06.com\/index.php\/wp-json\/wp\/v2\/pages"}],"about":[{"href":"https:\/\/guidedubtp06.com\/index.php\/wp-json\/wp\/v2\/types\/page"}],"author":[{"embeddable":true,"href":"https:\/\/guidedubtp06.com\/index.php\/wp-json\/wp\/v2\/users\/1"}],"replies":[{"embeddable":true,"href":"https:\/\/guidedubtp06.com\/index.php\/wp-json\/wp\/v2\/comments?post=49"}],"version-history":[{"count":1,"href":"https:\/\/guidedubtp06.com\/index.php\/wp-json\/wp\/v2\/pages\/49\/revisions"}],"predecessor-version":[{"id":50,"href":"https:\/\/guidedubtp06.com\/index.php\/wp-json\/wp\/v2\/pages\/49\/revisions\/50"}],"wp:attachment":[{"href":"https:\/\/guidedubtp06.com\/index.php\/wp-json\/wp\/v2\/media?parent=49"}],"curies":[{"name":"wp","href":"https:\/\/api.w.org\/{rel}","templated":true}]}}