{"id":3,"date":"2023-01-10T15:01:29","date_gmt":"2023-01-10T15:01:29","guid":{"rendered":"http:\/\/guidedubtp06.com\/?page_id=3"},"modified":"2023-07-03T13:39:20","modified_gmt":"2023-07-03T11:39:20","slug":"privacy-policy","status":"publish","type":"page","link":"https:\/\/guidedubtp06.com\/index.php\/privacy-policy\/","title":{"rendered":"Politique de confidentialit\u00e9"},"content":{"rendered":"\t\t<div data-elementor-type=\"wp-page\" data-elementor-id=\"3\" class=\"elementor elementor-3\">\n\t\t\t\t\t\t<section class=\"elementor-section elementor-top-section elementor-element elementor-element-398c8bd elementor-section-boxed elementor-section-height-default elementor-section-height-default\" data-id=\"398c8bd\" data-element_type=\"section\" data-e-type=\"section\">\n\t\t\t\t\t\t<div class=\"elementor-container elementor-column-gap-default\">\n\t\t\t\t\t<div class=\"elementor-column elementor-col-100 elementor-top-column elementor-element elementor-element-f0aa09c\" data-id=\"f0aa09c\" data-element_type=\"column\" data-e-type=\"column\">\n\t\t\t<div class=\"elementor-widget-wrap elementor-element-populated\">\n\t\t\t\t\t\t<div class=\"elementor-element elementor-element-0eb8775 elementor-widget elementor-widget-text-editor\" data-id=\"0eb8775\" data-element_type=\"widget\" data-e-type=\"widget\" data-widget_type=\"text-editor.default\">\n\t\t\t\t<div class=\"elementor-widget-container\">\n\t\t\t\t\t\t\t\t\t<p class=\"p1\" style=\"font-family: Roboto, sans-serif; font-size: 14px; font-style: normal; font-weight: 400;\"><span style=\"font-weight: bold;\">ARTICLE 1 : PR\u00c9AMBULE\u00a0<span class=\"Apple-converted-space\" style=\"font-size: 14px;\">\u00a0<\/span><\/span><\/p><p class=\"p2\" style=\"font-family: Roboto, sans-serif; font-size: 14px; font-style: normal; font-weight: 400;\">La pr\u00e9sente politique de confidentialit\u00e9 a pour but d\u2019informer les utilisateurs de notre site :<span class=\"Apple-converted-space\" style=\"font-size: 14px;\">\u00a0<\/span><\/p><ul class=\"ul1\" style=\"font-family: Roboto, sans-serif; font-size: 14px; font-style: normal; font-weight: 400;\"><li class=\"li3\" style=\"font-size: 14px;\">Sur la mani\u00e8re dont sont collect\u00e9es leurs donn\u00e9es personnelles. Sont consid\u00e9r\u00e9es comme des donn\u00e9es personnelles, toute information permettant d\u2019identifier un utilisateur. A ce titre, il peut s\u2019agir : de ses noms et pr\u00e9noms, de son \u00e2ge, de son adresse postale ou email, de sa localisation ou encore de son adresse IP (liste non-exhaustive) ;<span class=\"Apple-converted-space\" style=\"font-size: 14px;\">\u00a0<\/span><\/li><li class=\"li2\" style=\"font-size: 14px;\">Sur les droits dont ils disposent concernant ces donn\u00e9es ;\u00a0<span class=\"Apple-converted-space\" style=\"font-size: 14px;\">\u00a0<\/span><\/li><li class=\"li2\" style=\"font-size: 14px;\">Sur la personne responsable du traitement des donn\u00e9es \u00e0 caract\u00e8re personnel collect\u00e9es et trait\u00e9es ;\u00a0<span class=\"Apple-converted-space\" style=\"font-size: 14px;\">\u00a0<\/span><\/li><li class=\"li2\" style=\"font-size: 14px;\">Sur les destinataires de ces donn\u00e9es personnelles ;\u00a0<span class=\"Apple-converted-space\" style=\"font-size: 14px;\">\u00a0<\/span><\/li><li class=\"li2\" style=\"font-size: 14px;\">Sur la politique du site en mati\u00e8re de cookies.\u00a0<span class=\"Apple-converted-space\" style=\"font-size: 14px;\">\u00a0<\/span><\/li><\/ul><p class=\"p2\" style=\"font-family: Roboto, sans-serif; font-size: 14px; font-style: normal; font-weight: 400;\">Cette politique compl\u00e8te les mentions l\u00e9gales consultables par les utilisateurs \u00e0 l\u2019adresse suivante\u00a0<span class=\"Apple-converted-space\" style=\"font-size: 14px;\"><a style=\"font-size: 14px;\" href=\"https:\/\/www.guidedubtp.com\/mentions-legales\/\">https:\/\/www.guidedubtp06.com\/mentions-legales<\/a><\/span><\/p><p style=\"font-family: Roboto, sans-serif; font-size: 14px; font-style: normal; font-weight: 400;\">L&rsquo;entreprise individuelle D COUTIN se r\u00e9serve le droit de modifier \u00e0 tout moment la pr\u00e9sente Politique de Confidentialit\u00e9. Toute modification prendra effet imm\u00e9diatement (cf. article 5 des pr\u00e9sentes)<\/p>\t\t\t\t\t\t\t\t<\/div>\n\t\t\t\t<\/div>\n\t\t\t\t<div class=\"elementor-element elementor-element-047c34f elementor-widget elementor-widget-text-editor\" data-id=\"047c34f\" data-element_type=\"widget\" data-e-type=\"widget\" data-widget_type=\"text-editor.default\">\n\t\t\t\t<div class=\"elementor-widget-container\">\n\t\t\t\t\t\t\t\t\t<p class=\"p1\" style=\"font-family: Roboto, sans-serif; font-size: 14px; font-style: normal; font-weight: 400;\"><span style=\"font-size: 14px; font-weight: bold;\">ARTICLE 2 : PRINCIPES RELATIFS \u00c0 LA COLLECTE ET AU TRAITEMENT DES DONN\u00c9ES PERSONNELLES<span class=\"Apple-converted-space\" style=\"font-size: 14px;\">\u00a0 \u00a0<\/span><\/span><\/p>\n<p class=\"p2\" style=\"font-family: Roboto, sans-serif; font-size: 14px; font-style: normal; font-weight: 400;\">Conform\u00e9ment \u00e0 l\u2019article 5 du R\u00e8glement europ\u00e9en 2016\/679, les donn\u00e9es \u00e0 caract\u00e8re personnel sont :<span class=\"Apple-converted-space\" style=\"font-size: 14px;\">\u00a0 \u00a0<\/span><\/p>\n<ul class=\"ul1\" style=\"font-family: Roboto, sans-serif; font-size: 14px; font-style: normal; font-weight: 400;\">\n<li class=\"li2\" style=\"font-size: 14px;\">Trait\u00e9es de mani\u00e8re licite, loyale et transparente au regard de la personne concern\u00e9e<span class=\"Apple-converted-space\" style=\"font-size: 14px;\">\u00a0\u00a0<\/span>;<\/li>\n<li class=\"li2\" style=\"font-size: 14px;\">Collect\u00e9es pour des finalit\u00e9s d\u00e9termin\u00e9es (cf. Article 3.1 des pr\u00e9sentes), explicites et l\u00e9gitimes, et ne pas \u00eatre trait\u00e9es ult\u00e9rieurement d&rsquo;une mani\u00e8re incompatible avec ces finalit\u00e9s ;<\/li>\n<li class=\"li2\" style=\"font-size: 14px;\">Ad\u00e9quates, pertinentes et limit\u00e9es \u00e0 ce qui est n\u00e9cessaire au regard des finalit\u00e9s pour lesquelles elles sont trait\u00e9es ;<\/li>\n<li class=\"li2\" style=\"font-size: 14px;\">Exactes et, si n\u00e9cessaire, tenues \u00e0 jour. Toutes les mesures raisonnables doivent \u00eatre prises pour que les donn\u00e9es \u00e0 caract\u00e8re personnel qui sont inexactes, eu \u00e9gard aux finalit\u00e9s pour lesquelles elles sont trait\u00e9es, soient effac\u00e9es ou rectifi\u00e9es sans tarder ;\u00a0<\/li>\n<li class=\"li2\" style=\"font-size: 14px;\">Conserv\u00e9es sous une forme permettant l&rsquo;identification des personnes concern\u00e9es pendant une dur\u00e9e n&rsquo;exc\u00e9dant pas celle n\u00e9cessaire au regard des finalit\u00e9s pour lesquelles elles sont trait\u00e9es ;<\/li>\n<\/ul>\t\t\t\t\t\t\t\t<\/div>\n\t\t\t\t<\/div>\n\t\t\t\t<div class=\"elementor-element elementor-element-690a265 elementor-widget elementor-widget-text-editor\" data-id=\"690a265\" data-element_type=\"widget\" data-e-type=\"widget\" data-widget_type=\"text-editor.default\">\n\t\t\t\t<div class=\"elementor-widget-container\">\n\t\t\t\t\t\t\t\t\t<p class=\"p1\" style=\"font-family: Roboto, sans-serif; font-size: 14px; font-style: normal; font-weight: 400;\"><span style=\"font-size: 14px; font-weight: bold;\">ARTICLE 3 : DONN\u00c9ES \u00c0 CARACT\u00c8RE PERSONNEL COLLECT\u00c9ES ET TRAIT\u00c9ES DANS LE CADRE DE LA NAVIGATION SUR LE SITE<\/span>\u00a0<span class=\"Apple-converted-space\" style=\"font-size: 14px;\">\u00a0<\/span><\/p><p class=\"p3\" style=\"font-family: Roboto, sans-serif; font-size: 14px; font-style: normal; font-weight: 400;\"><span style=\"font-weight: bold;\">Article 3.1 : Donn\u00e9es collect\u00e9es<span class=\"Apple-converted-space\" style=\"font-size: 14px;\">\u00a0et modes de collecte<\/span><\/span><\/p><p style=\"font-family: Roboto, sans-serif; font-size: 14px; font-style: normal; font-weight: 400;\">Nous collectons diff\u00e9rents types de donn\u00e9es personnelles vous concernant :<\/p><p style=\"font-family: Roboto, sans-serif; font-size: 14px; font-style: normal; font-weight: 400;\"><span style=\"font-size: 14px; font-weight: bold;\">Les donn\u00e9es personnelles que vous nous communiquez directement :\u00a0<\/span><\/p><ul style=\"font-family: Roboto, sans-serif; font-size: 14px; font-style: normal; font-weight: 400;\"><li style=\"font-size: 14px;\">Lorsque vous remplissez un formulaire sur notre site,<\/li><li style=\"font-size: 14px;\">De fa\u00e7on g\u00e9n\u00e9rale, lorsque vous \u00e9changez avec le guide du b\u00e2timent &amp; TP de toute autre mani\u00e8re.<\/li><\/ul><p style=\"font-family: Roboto, sans-serif; font-size: 14px; font-style: normal; font-weight: 400;\">La communication de vos donn\u00e9es personnelles est volontaire. Toutefois, certaines informations, identifi\u00e9es par un ast\u00e9risque, sont indispensables \u00e0 notre entreprise pour traiter votre demande. Sans ces informations, il nous sera impossible de\u00a0 traiter votre demande.<\/p><p style=\"font-family: Roboto, sans-serif; font-size: 14px; font-style: normal; font-weight: 400;\"><span style=\"font-size: 14px; font-weight: bold;\">Les donn\u00e9es personnelles que nous collectons automatiquement<\/span><\/p><p style=\"font-family: Roboto, sans-serif; font-size: 14px; font-style: normal; font-weight: 400;\">Nous collectons automatiquement certaines informations vous concernant lorsque vous acc\u00e9dez au site\u00a0<a style=\"font-size: 14px;\" href=\"https:\/\/www.guidedubtp.com\/\">https:\/\/www.guidedubtp06.com<\/a>, notamment, les informations sur votre navigation. L&rsquo;EI D COUTIN utilise des cookies et d\u2019autres technologies de suivi pour collecter des informations vous concernant lorsque vous interagissez avec le site.<\/p><p style=\"font-family: Roboto, sans-serif; font-size: 14px; font-style: normal; font-weight: 400;\">Pour en savoir plus sur les cookies et la mani\u00e8re de les d\u00e9sactiver, veuillez consulter la Politique cookies<\/p><p style=\"font-family: Roboto, sans-serif; font-size: 14px; font-style: normal; font-weight: 400;\"><span style=\"font-weight: bold;\">Article 3.2 : Finalit\u00e9s des collectes<\/span><\/p><p style=\"font-family: Roboto, sans-serif; font-size: 14px; font-style: normal; font-weight: 400;\">Les donn\u00e9es que l&rsquo;entreprise individuelle collecte sont n\u00e9cessaires pour lui permettre de r\u00e9pondre aux finalit\u00e9s suivantes :<\/p><ul style=\"font-family: Roboto, sans-serif; font-size: 14px; font-style: normal; font-weight: 400;\"><li style=\"font-size: 14px;\">Assurer la gestion des demandes re\u00e7ues via le pr\u00e9sent site;<\/li><li style=\"font-size: 14px;\">Assurer la gestion commerciale (proposition de devis, r\u00e9ponse \u00e0 une demande d\u2019information,\u2026) ;<\/li><li style=\"font-size: 14px;\">R\u00e9aliser des actions de prospection commerciale et marketing ;<\/li><li style=\"font-size: 14px;\">Assurer la gestion des inscriptions et des envois de nos newsletters.<\/li><\/ul><p style=\"font-family: Roboto, sans-serif; font-size: 14px; font-style: normal; font-weight: 400;\">De fa\u00e7on g\u00e9n\u00e9rale, nous ne traitons aucune de vos donn\u00e9es \u00e0 des fins incompatibles avec celles pour lesquelles elles ont \u00e9t\u00e9 collect\u00e9es, sauf accord pr\u00e9alable de votre part.<\/p><p class=\"p1\" style=\"font-family: Roboto, sans-serif; font-size: 14px; font-style: normal; font-weight: 400;\"><span style=\"font-weight: bold;\">Article 3.3 : H\u00e9bergement des donn\u00e9es<span class=\"Apple-converted-space\" style=\"font-size: 14px;\">\u00a0<\/span><\/span><\/p><p class=\"p1\" style=\"font-family: Roboto, sans-serif; font-size: 14px; font-style: normal; font-weight: 400;\">Le site guidedubtp.com<i>\u00a0<\/i>est h\u00e9berg\u00e9 par la soci\u00e9t\u00e9 HOSTINGER INTERNATIONAL LTD, joignable sur\u00a0<a style=\"font-size: 14px;\" href=\"https:\/\/www.hostinger.fr\/contact\">https:\/\/www.hostinger.fr\/contact<\/a><br \/><span lang=\"FR-ML\" style=\"font-size: 14px;\">Adresse de l\u2019h\u00e9bergeur : Hostinger International Ltd. \u2014 61 rue Lordou Vironos \u2014 6023 Larnaca \u2014 Chypre<\/span><\/p><p class=\"p1\" style=\"font-family: Roboto, sans-serif; font-size: 14px; font-style: normal; font-weight: 400;\">Vos donn\u00e9es sont h\u00e9berg\u00e9es sur des serveurs s\u00e9curis\u00e9s et situ\u00e9s aux Pays Bas<\/p>\t\t\t\t\t\t\t\t<\/div>\n\t\t\t\t<\/div>\n\t\t\t\t<div class=\"elementor-element elementor-element-421e5ea elementor-widget elementor-widget-text-editor\" data-id=\"421e5ea\" data-element_type=\"widget\" data-e-type=\"widget\" data-widget_type=\"text-editor.default\">\n\t\t\t\t<div class=\"elementor-widget-container\">\n\t\t\t\t\t\t\t\t\t<p class=\"p1\" style=\"font-family: Roboto, sans-serif; font-size: 14px; font-style: normal; font-weight: 400;\"><span style=\"font-size: 14px; font-weight: bold;\">ARTICLE 4 : LES DROITS DE L\u2019UTILISATEUR EN MATI\u00c8RE DE COLLECTE ET DE TRAITEMENT DES DONN\u00c9ES\u00a0<span class=\"Apple-converted-space\" style=\"font-size: 14px;\">\u00a0<\/span><\/span><\/p>\n<p class=\"p2\" style=\"font-family: Roboto, sans-serif; font-size: 14px; font-style: normal; font-weight: 400;\">Tout utilisateur concern\u00e9 par le traitement de ses donn\u00e9es personnelles peut se pr\u00e9valoir des droits suivants, en application du r\u00e8glement europ\u00e9en 2016\/679 et de la Loi Informatique et Libert\u00e9 (Loi 78-17 du 6 janvier 1978) :<span class=\"Apple-converted-space\" style=\"font-size: 14px;\">\u00a0 \u00a0<\/span><\/p>\n<ul class=\"ul1\" style=\"font-family: Roboto, sans-serif; font-size: 14px; font-style: normal; font-weight: 400;\">\n<li class=\"li2\" style=\"font-size: 14px;\">Droit d\u2019acc\u00e8s, de rectification et droit \u00e0 l\u2019effacement des donn\u00e9es (pos\u00e9s respectivement aux articles 15, 16 et 17 du RGPD) ;<span class=\"Apple-converted-space\" style=\"font-size: 14px;\">\u00a0<\/span><\/li>\n<li class=\"li2\" style=\"font-size: 14px;\">Droit \u00e0 la portabilit\u00e9 des donn\u00e9es (article 20 du RGPD) ;<\/li>\n<li class=\"li2\" style=\"font-size: 14px;\">Droit \u00e0 la limitation (article 18 du RGPD) et \u00e0 l\u2019opposition du traitement des donn\u00e9es (article 21 du RGPD) ;<span class=\"Apple-converted-space\" style=\"font-size: 14px;\">\u00a0<\/span><\/li>\n<li class=\"li2\" style=\"font-size: 14px;\">Droit de ne pas faire l\u2019objet d\u2019une d\u00e9cision fond\u00e9e exclusivement sur un proc\u00e9d\u00e9 automatis\u00e9 ;<span class=\"Apple-converted-space\" style=\"font-size: 14px;\">\u00a0<\/span><\/li>\n<li class=\"li2\" style=\"font-size: 14px;\">Droit de d\u00e9terminer le sort des donn\u00e9es apr\u00e8s la mort ;<span class=\"Apple-converted-space\" style=\"font-size: 14px;\">\u00a0<\/span><\/li>\n<li class=\"li2\" style=\"font-size: 14px;\">Droit de saisir l\u2019autorit\u00e9 de contr\u00f4le comp\u00e9tente (article 77 du RGPD).\u00a0<span class=\"Apple-converted-space\" style=\"font-size: 14px;\">\u00a0<\/span><\/li>\n<\/ul>\n<p class=\"p2\" style=\"font-family: Roboto, sans-serif; font-size: 14px; font-style: normal; font-weight: 400;\">Pour exercer vos droits, veuillez adresser votre courrier \u00e0 Dominique COUTIN\u00a0 \u00a0 \u00a0 18 rue des brisants \u2014 97434 Saint-Gilles ou par mail \u00e0 guidedubtp@gmail.com<span class=\"Apple-converted-space\" style=\"font-size: 14px;\">\u00a0<\/span><\/p>\n<p class=\"p2\" style=\"font-family: Roboto, sans-serif; font-size: 14px; font-style: normal; font-weight: 400;\">Afin que nous puissions faire droit \u00e0 sa demande, l\u2019utilisateur peut \u00eatre tenu de lui communiquer certaines informations telles que : ses noms et pr\u00e9noms, son adresse e-mail ainsi que son num\u00e9ro de compte ou d\u2019espace personnel.\u00a0<span class=\"Apple-converted-space\" style=\"font-size: 14px;\">\u00a0<\/span><\/p>\n<p class=\"p2\" style=\"font-family: Roboto, sans-serif; font-size: 14px; font-style: normal; font-weight: 400;\">Consultez le site\u00a0<a href=\"http:\/\/www.cnil.fr\" target=\"_blank\" rel=\"noopener\">cnil.fr<\/a>\u00a0pour plus d\u2019informations sur vos droits.<\/p>\t\t\t\t\t\t\t\t<\/div>\n\t\t\t\t<\/div>\n\t\t\t\t<div class=\"elementor-element elementor-element-d3bb2cc elementor-widget elementor-widget-text-editor\" data-id=\"d3bb2cc\" data-element_type=\"widget\" data-e-type=\"widget\" data-widget_type=\"text-editor.default\">\n\t\t\t\t<div class=\"elementor-widget-container\">\n\t\t\t\t\t\t\t\t\t<p class=\"p1\" style=\"font-family: Roboto, sans-serif; font-size: 14px; font-style: normal; font-weight: 400;\"><span style=\"font-weight: bold;\">ARTICLE 5 : CONDITIONS DE MODIFICATION DE LA POLITIQUE DE CONFIDENTIALIT\u00c9<\/span><\/p>\n<p class=\"p2\" style=\"font-family: Roboto, sans-serif; font-size: 14px; font-style: normal; font-weight: 400;\">L\u2019\u00e9diteur du site&nbsp;<a style=\"font-size: 14px;\" href=\"https:\/\/www.guidedubtp.com\/\">guidedubtp06.com<\/a>&nbsp;&nbsp;se r\u00e9serve le droit de pouvoir modifier la pr\u00e9sente Politique \u00e0 tout moment afin d\u2019assurer aux utilisateurs du site sa conformit\u00e9 avec le droit en vigueur.&nbsp;<span class=\"Apple-converted-space\" style=\"font-size: 14px;\">&nbsp;<\/span><span class=\"Apple-converted-space\" style=\"font-size: 14px;\">&nbsp;<\/span><\/p>\n<p class=\"p2\" style=\"font-family: Roboto, sans-serif; font-size: 14px; font-style: normal; font-weight: 400;\">L\u2019utilisateur est invit\u00e9 \u00e0 prendre connaissance de cette Politique \u00e0 chaque fois qu\u2019il utilise nos services, sans qu\u2019il soit n\u00e9cessaire de l\u2019en pr\u00e9venir formellement.&nbsp;<span class=\"Apple-converted-space\" style=\"font-size: 14px;\">&nbsp;<\/span><\/p>\n<p class=\"p2\" style=\"font-family: Roboto, sans-serif; font-size: 14px; font-style: normal; font-weight: 400;\">La pr\u00e9sente politique est \u00e9dit\u00e9e le 03 juillet 2023.<\/p>\t\t\t\t\t\t\t\t<\/div>\n\t\t\t\t<\/div>\n\t\t\t\t\t<\/div>\n\t\t<\/div>\n\t\t\t\t\t<\/div>\n\t\t<\/section>\n\t\t\t\t<\/div>\n\t\t","protected":false},"excerpt":{"rendered":"<p>ARTICLE 1 : PR\u00c9AMBULE\u00a0\u00a0 La pr\u00e9sente politique de confidentialit\u00e9 a pour but d\u2019informer les utilisateurs de notre site :\u00a0 Sur la mani\u00e8re dont sont collect\u00e9es leurs donn\u00e9es personnelles. Sont consid\u00e9r\u00e9es comme des donn\u00e9es personnelles, toute information permettant d\u2019identifier un utilisateur. A ce titre, il peut s\u2019agir : de ses noms et pr\u00e9noms, de son \u00e2ge,&hellip;<\/p>\n","protected":false},"author":1,"featured_media":0,"parent":0,"menu_order":0,"comment_status":"closed","ping_status":"open","template":"","meta":{"om_disable_all_campaigns":false,"_monsterinsights_skip_tracking":false,"_monsterinsights_sitenote_active":false,"_monsterinsights_sitenote_note":"","_monsterinsights_sitenote_category":0,"_uf_show_specific_survey":0,"_uf_disable_surveys":false,"footnotes":""},"class_list":["post-3","page","type-page","status-publish","hentry","content-box content-box-wrapper"],"aioseo_notices":[],"_links":{"self":[{"href":"https:\/\/guidedubtp06.com\/index.php\/wp-json\/wp\/v2\/pages\/3","targetHints":{"allow":["GET"]}}],"collection":[{"href":"https:\/\/guidedubtp06.com\/index.php\/wp-json\/wp\/v2\/pages"}],"about":[{"href":"https:\/\/guidedubtp06.com\/index.php\/wp-json\/wp\/v2\/types\/page"}],"author":[{"embeddable":true,"href":"https:\/\/guidedubtp06.com\/index.php\/wp-json\/wp\/v2\/users\/1"}],"replies":[{"embeddable":true,"href":"https:\/\/guidedubtp06.com\/index.php\/wp-json\/wp\/v2\/comments?post=3"}],"version-history":[{"count":6,"href":"https:\/\/guidedubtp06.com\/index.php\/wp-json\/wp\/v2\/pages\/3\/revisions"}],"predecessor-version":[{"id":1766,"href":"https:\/\/guidedubtp06.com\/index.php\/wp-json\/wp\/v2\/pages\/3\/revisions\/1766"}],"wp:attachment":[{"href":"https:\/\/guidedubtp06.com\/index.php\/wp-json\/wp\/v2\/media?parent=3"}],"curies":[{"name":"wp","href":"https:\/\/api.w.org\/{rel}","templated":true}]}}