{"id":25,"date":"2023-03-17T17:14:59","date_gmt":"2023-03-17T16:14:59","guid":{"rendered":"https:\/\/guidedubtp06.com\/?page_id=25"},"modified":"2023-07-03T13:36:17","modified_gmt":"2023-07-03T11:36:17","slug":"mentions-legales","status":"publish","type":"page","link":"https:\/\/guidedubtp06.com\/index.php\/mentions-legales\/","title":{"rendered":"Mentions l\u00e9gales"},"content":{"rendered":"\t\t<div data-elementor-type=\"wp-page\" data-elementor-id=\"25\" class=\"elementor elementor-25\">\n\t\t\t\t\t\t<section class=\"elementor-section elementor-top-section elementor-element elementor-element-4b0b883 elementor-section-boxed elementor-section-height-default elementor-section-height-default\" data-id=\"4b0b883\" data-element_type=\"section\" data-e-type=\"section\">\n\t\t\t\t\t\t<div class=\"elementor-container elementor-column-gap-default\">\n\t\t\t\t\t<div class=\"elementor-column elementor-col-100 elementor-top-column elementor-element elementor-element-9b1f1c6\" data-id=\"9b1f1c6\" data-element_type=\"column\" data-e-type=\"column\">\n\t\t\t<div class=\"elementor-widget-wrap elementor-element-populated\">\n\t\t\t\t\t\t<div class=\"elementor-element elementor-element-ec91a99 elementor-widget elementor-widget-text-editor\" data-id=\"ec91a99\" data-element_type=\"widget\" data-e-type=\"widget\" data-widget_type=\"text-editor.default\">\n\t\t\t\t<div class=\"elementor-widget-container\">\n\t\t\t\t\t\t\t\t\t<div style=\"font-family: Roboto, sans-serif; font-size: 14px; font-style: normal; font-weight: 400;\">\n<p style=\"font-size: 14px;\">Conform\u00e9ment \u00e0 la Loi n\u00b02004-575 du 21 juin 2004 pour la Confiance dans l\u2019Economie Num\u00e9rique (LCEN), il est pr\u00e9cis\u00e9 que notre site internet est \u00e9dit\u00e9 par l&rsquo;EI Dominique COUTIN :<\/p>\n<p style=\"font-size: 14px;\">\u2013 Adresse du si\u00e8ge social : 18 rue des brisants \u2013 97434 Saint-Gilles<br>\u2013 T\u00e9l : 06 38 87 32 71<br>\u2013 Mail :&nbsp; contact@guidedubtp06.com<br>\u2013 SIREN N\u00b0 38280507500035<span class=\"Apple-converted-space\" style=\"font-size: 14px;\">&nbsp;<\/span><\/p>\n<\/div>\n<div style=\"font-family: Roboto, sans-serif; font-size: 14px; font-style: normal; font-weight: 400;\">&nbsp;<\/div>\n<div style=\"font-family: Roboto, sans-serif; font-size: 14px; font-style: normal; font-weight: 400;\">Notre site internet est h\u00e9berg\u00e9 par la soci\u00e9t\u00e9 HOSTINGER INTERNATIONAL LTD, joignable sur&nbsp;<a href=\"https:\/\/www.hostinger.fr\/contact\" style=\"font-size: 14px;\">https:\/\/www.hostinger.fr\/contact<\/a><br><span lang=\"FR-ML\" style=\"font-size: 14px;\">Adresse de l\u2019h\u00e9bergeur : Hostinger International Ltd. \u2014 61 rue Lordou Vironos \u2014 6023 Larnaca \u2014 Chypre<\/span><\/div>\t\t\t\t\t\t\t\t<\/div>\n\t\t\t\t<\/div>\n\t\t\t\t\t<\/div>\n\t\t<\/div>\n\t\t\t\t\t<\/div>\n\t\t<\/section>\n\t\t\t\t<\/div>\n\t\t","protected":false},"excerpt":{"rendered":"<p>Conform\u00e9ment \u00e0 la Loi n\u00b02004-575 du 21 juin 2004 pour la Confiance dans l\u2019Economie Num\u00e9rique (LCEN), il est pr\u00e9cis\u00e9 que notre site internet est \u00e9dit\u00e9 par l&rsquo;EI Dominique COUTIN : \u2013 Adresse du si\u00e8ge social : 18 rue des brisants \u2013 97434 Saint-Gilles\u2013 T\u00e9l : 06 38 87 32 71\u2013 Mail :&nbsp; contact@guidedubtp06.com\u2013 SIREN N\u00b0&hellip;<\/p>\n","protected":false},"author":1,"featured_media":0,"parent":0,"menu_order":0,"comment_status":"closed","ping_status":"closed","template":"","meta":{"om_disable_all_campaigns":false,"_monsterinsights_skip_tracking":false,"_monsterinsights_sitenote_active":false,"_monsterinsights_sitenote_note":"","_monsterinsights_sitenote_category":0,"_uf_show_specific_survey":0,"_uf_disable_surveys":false,"footnotes":""},"class_list":["post-25","page","type-page","status-publish","hentry","content-box content-box-wrapper"],"aioseo_notices":[],"_links":{"self":[{"href":"https:\/\/guidedubtp06.com\/index.php\/wp-json\/wp\/v2\/pages\/25","targetHints":{"allow":["GET"]}}],"collection":[{"href":"https:\/\/guidedubtp06.com\/index.php\/wp-json\/wp\/v2\/pages"}],"about":[{"href":"https:\/\/guidedubtp06.com\/index.php\/wp-json\/wp\/v2\/types\/page"}],"author":[{"embeddable":true,"href":"https:\/\/guidedubtp06.com\/index.php\/wp-json\/wp\/v2\/users\/1"}],"replies":[{"embeddable":true,"href":"https:\/\/guidedubtp06.com\/index.php\/wp-json\/wp\/v2\/comments?post=25"}],"version-history":[{"count":6,"href":"https:\/\/guidedubtp06.com\/index.php\/wp-json\/wp\/v2\/pages\/25\/revisions"}],"predecessor-version":[{"id":1763,"href":"https:\/\/guidedubtp06.com\/index.php\/wp-json\/wp\/v2\/pages\/25\/revisions\/1763"}],"wp:attachment":[{"href":"https:\/\/guidedubtp06.com\/index.php\/wp-json\/wp\/v2\/media?parent=25"}],"curies":[{"name":"wp","href":"https:\/\/api.w.org\/{rel}","templated":true}]}}